{"id":1789,"date":"2025-10-23T13:20:23","date_gmt":"2025-10-23T13:20:23","guid":{"rendered":"https:\/\/azoreslab.com\/azoresgreenvillas\/?page_id=1789"},"modified":"2025-10-23T16:35:48","modified_gmt":"2025-10-23T16:35:48","slug":"contacts","status":"publish","type":"page","link":"https:\/\/azoresgreenvillas.com\/fr\/contacts\/","title":{"rendered":"CONTACTOS"},"content":{"rendered":"\t\t<div data-elementor-type=\"wp-page\" data-elementor-id=\"1789\" class=\"elementor elementor-1789\" data-elementor-post-type=\"page\">\n\t\t\t\t<div class=\"elementor-element elementor-element-4e3495ec e-flex e-con-boxed e-con e-parent\" data-id=\"4e3495ec\" data-element_type=\"container\" data-e-type=\"container\" data-settings=\"{&quot;background_background&quot;:&quot;classic&quot;}\">\n\t\t\t\t\t<div class=\"e-con-inner\">\n\t\t<div class=\"elementor-element elementor-element-393bc57 e-con-full e-flex e-con e-child\" data-id=\"393bc57\" data-element_type=\"container\" data-e-type=\"container\">\n\t\t\t\t<div class=\"elementor-element elementor-element-3f308810 elementor-invisible elementor-widget elementor-widget-text-editor\" data-id=\"3f308810\" data-element_type=\"widget\" data-e-type=\"widget\" data-settings=\"{&quot;_animation&quot;:&quot;fadeInUp&quot;}\" data-widget_type=\"text-editor.default\">\n\t\t\t\t<div class=\"elementor-widget-container\">\n\t\t\t\t\t\t\t\t\tOS NOSSOS\t\t\t\t\t\t\t\t<\/div>\n\t\t\t\t<\/div>\n\t\t\t\t<div class=\"elementor-element elementor-element-5e724160 elementor-invisible elementor-widget elementor-widget-heading\" data-id=\"5e724160\" data-element_type=\"widget\" data-e-type=\"widget\" data-settings=\"{&quot;_animation&quot;:&quot;fadeInUp&quot;}\" data-widget_type=\"heading.default\">\n\t\t\t\t<div class=\"elementor-widget-container\">\n\t\t\t\t\t<h1 class=\"elementor-heading-title elementor-size-default\">CONTACTOS<\/h1>\t\t\t\t<\/div>\n\t\t\t\t<\/div>\n\t\t\t\t<\/div>\n\t\t\t\t\t<\/div>\n\t\t\t\t<\/div>\n\t\t<div class=\"elementor-element elementor-element-328ac19b e-flex e-con-boxed e-con e-parent\" data-id=\"328ac19b\" data-element_type=\"container\" data-e-type=\"container\" data-settings=\"{&quot;background_background&quot;:&quot;gradient&quot;}\">\n\t\t\t\t\t<div class=\"e-con-inner\">\n\t\t<div class=\"elementor-element elementor-element-5ac35f67 e-con-full e-flex elementor-invisible e-con e-child\" data-id=\"5ac35f67\" data-element_type=\"container\" data-e-type=\"container\" data-settings=\"{&quot;animation&quot;:&quot;fadeInUp&quot;}\">\n\t\t<div class=\"elementor-element elementor-element-57b86f86 e-con-full e-flex e-con e-child\" data-id=\"57b86f86\" data-element_type=\"container\" data-e-type=\"container\">\n\t\t<div class=\"elementor-element elementor-element-bbe7ffb e-con-full e-flex e-con e-child\" data-id=\"bbe7ffb\" data-element_type=\"container\" data-e-type=\"container\">\n\t\t<div class=\"elementor-element elementor-element-72ce1d04 e-con-full e-flex e-con e-child\" data-id=\"72ce1d04\" data-element_type=\"container\" data-e-type=\"container\">\n\t\t\t\t<div class=\"elementor-element elementor-element-2f799e98 elementor-widget elementor-widget-heading\" data-id=\"2f799e98\" data-element_type=\"widget\" data-e-type=\"widget\" data-widget_type=\"heading.default\">\n\t\t\t\t<div class=\"elementor-widget-container\">\n\t\t\t\t\t<h1 class=\"elementor-heading-title elementor-size-default\">Entre em contacto!<\/h1>\t\t\t\t<\/div>\n\t\t\t\t<\/div>\n\t\t\t\t<\/div>\n\t\t\t\t<div class=\"elementor-element elementor-element-3615d5b1 elementor-widget elementor-widget-text-editor\" data-id=\"3615d5b1\" data-element_type=\"widget\" data-e-type=\"widget\" data-widget_type=\"text-editor.default\">\n\t\t\t\t<div class=\"elementor-widget-container\">\n\t\t\t\t\t\t\t\t\t<p>Tire todas a suas d\u00favidas antes de efetuar a sua reserva.<\/p>\t\t\t\t\t\t\t\t<\/div>\n\t\t\t\t<\/div>\n\t\t\t\t<\/div>\n\t\t\t\t<\/div>\n\t\t<div class=\"elementor-element elementor-element-25eb8909 e-con-full e-flex e-con e-child\" data-id=\"25eb8909\" data-element_type=\"container\" data-e-type=\"container\">\n\t\t<div class=\"elementor-element elementor-element-7b20aeaf e-con-full e-flex e-con e-child\" data-id=\"7b20aeaf\" data-element_type=\"container\" data-e-type=\"container\">\n\t\t\t\t<div class=\"elementor-element elementor-element-7dacb1b6 elementor-widget elementor-widget-heading\" data-id=\"7dacb1b6\" data-element_type=\"widget\" data-e-type=\"widget\" data-widget_type=\"heading.default\">\n\t\t\t\t<div class=\"elementor-widget-container\">\n\t\t\t\t\t<h2 class=\"elementor-heading-title elementor-size-default\">Telefone<\/h2>\t\t\t\t<\/div>\n\t\t\t\t<\/div>\n\t\t\t\t<div class=\"elementor-element elementor-element-22164e9 elementor-mobile-align-center elementor-icon-list--layout-traditional elementor-list-item-link-full_width elementor-widget elementor-widget-icon-list\" data-id=\"22164e9\" data-element_type=\"widget\" data-e-type=\"widget\" data-widget_type=\"icon-list.default\">\n\t\t\t\t<div class=\"elementor-widget-container\">\n\t\t\t\t\t\t\t<ul class=\"elementor-icon-list-items\">\n\t\t\t\t\t\t\t<li class=\"elementor-icon-list-item\">\n\t\t\t\t\t\t\t\t\t\t\t<a href=\"tel:+351296205078\">\n\n\t\t\t\t\t\t\t\t\t\t\t\t<span class=\"elementor-icon-list-icon\">\n\t\t\t\t\t\t\t<svg xmlns=\"http:\/\/www.w3.org\/2000\/svg\" height=\"512\" viewBox=\"0 0 32 32\" width=\"512\"><g id=\"Layer_3\" data-name=\"Layer 3\"><path d=\"m30.035 22.594c-.053-.044-6.042-4.33-7.667-4.049-.781.138-1.228.67-2.123 1.737-.144.172-.491.583-.759.876a12.458 12.458 0 0 1 -1.651-.672 13.7 13.7 0 0 1 -6.321-6.321 12.458 12.458 0 0 1 -.672-1.651c.294-.269.706-.616.882-.764 1.061-.89 1.593-1.337 1.731-2.119.283-1.619-4.005-7.613-4.049-7.667a2.289 2.289 0 0 0 -1.706-.964c-1.738 0-6.7 6.436-6.7 7.521 0 .063.091 6.467 7.988 14.5 8.024 7.888 14.428 7.979 14.491 7.979 1.085 0 7.521-4.962 7.521-6.7a2.287 2.287 0 0 0 -.965-1.706zm-6.666 6.4c-.874-.072-6.248-.781-12.967-7.382-6.635-6.755-7.326-12.144-7.395-12.979a27.054 27.054 0 0 1 4.706-5.561c.04.04.093.1.161.178a35.391 35.391 0 0 1 3.574 6.063 11.886 11.886 0 0 1 -1.016.911 10.033 10.033 0 0 0 -1.512 1.422l-.243.34.072.411a11.418 11.418 0 0 0 .965 2.641 15.71 15.71 0 0 0 7.248 7.247 11.389 11.389 0 0 0 2.641.966l.411.072.34-.243a10.117 10.117 0 0 0 1.428-1.518c.313-.374.732-.873.89-1.014a35.163 35.163 0 0 1 6.078 3.578c.083.07.141.124.18.159a27.031 27.031 0 0 1 -5.561 4.707z\"><\/path><\/g><\/svg>\t\t\t\t\t\t<\/span>\n\t\t\t\t\t\t\t\t\t\t<span class=\"elementor-icon-list-text\">(+351) 296 205 078*<\/span>\n\t\t\t\t\t\t\t\t\t\t\t<\/a>\n\t\t\t\t\t\t\t\t\t<\/li>\n\t\t\t\t\t\t\t\t<li class=\"elementor-icon-list-item\">\n\t\t\t\t\t\t\t\t\t\t\t<a href=\"tel:+351962376766\">\n\n\t\t\t\t\t\t\t\t\t\t\t\t<span class=\"elementor-icon-list-icon\">\n\t\t\t\t\t\t\t<i aria-hidden=\"true\" class=\"jki jki-smartphone-light\"><\/i>\t\t\t\t\t\t<\/span>\n\t\t\t\t\t\t\t\t\t\t<span class=\"elementor-icon-list-text\">(+351) 962 376 766**<\/span>\n\t\t\t\t\t\t\t\t\t\t\t<\/a>\n\t\t\t\t\t\t\t\t\t<\/li>\n\t\t\t\t\t\t<\/ul>\n\t\t\t\t\t\t<\/div>\n\t\t\t\t<\/div>\n\t\t\t\t<\/div>\n\t\t<div class=\"elementor-element elementor-element-15e47900 e-con-full e-flex e-con e-child\" data-id=\"15e47900\" data-element_type=\"container\" data-e-type=\"container\">\n\t\t\t\t<div class=\"elementor-element elementor-element-4d9d3628 elementor-widget elementor-widget-heading\" data-id=\"4d9d3628\" data-element_type=\"widget\" data-e-type=\"widget\" data-widget_type=\"heading.default\">\n\t\t\t\t<div class=\"elementor-widget-container\">\n\t\t\t\t\t<h2 class=\"elementor-heading-title elementor-size-default\">Email<\/h2>\t\t\t\t<\/div>\n\t\t\t\t<\/div>\n\t\t\t\t<div class=\"elementor-element elementor-element-348feee1 elementor-widget elementor-widget-text-editor\" data-id=\"348feee1\" data-element_type=\"widget\" data-e-type=\"widget\" data-widget_type=\"text-editor.default\">\n\t\t\t\t<div class=\"elementor-widget-container\">\n\t\t\t\t\t\t\t\t\tbookings@azoresgreenvillas.com\t\t\t\t\t\t\t\t<\/div>\n\t\t\t\t<\/div>\n\t\t\t\t<\/div>\n\t\t<div class=\"elementor-element elementor-element-7673602e e-con-full e-flex e-con e-child\" data-id=\"7673602e\" data-element_type=\"container\" data-e-type=\"container\">\n\t\t\t\t<div class=\"elementor-element elementor-element-2117322f elementor-widget elementor-widget-heading\" data-id=\"2117322f\" data-element_type=\"widget\" data-e-type=\"widget\" data-widget_type=\"heading.default\">\n\t\t\t\t<div class=\"elementor-widget-container\">\n\t\t\t\t\t<h2 class=\"elementor-heading-title elementor-size-default\">Morada<\/h2>\t\t\t\t<\/div>\n\t\t\t\t<\/div>\n\t\t\t\t<div class=\"elementor-element elementor-element-18b88b59 elementor-widget elementor-widget-text-editor\" data-id=\"18b88b59\" data-element_type=\"widget\" data-e-type=\"widget\" data-widget_type=\"text-editor.default\">\n\t\t\t\t<div class=\"elementor-widget-container\">\n\t\t\t\t\t\t\t\t\t<p>Rua da Cidade N\u00ba45, S\u00e3o Vicente Ferreira, S\u00e3o Miguel &#8211; A\u00e7ores, Portugal<\/p>\t\t\t\t\t\t\t\t<\/div>\n\t\t\t\t<\/div>\n\t\t\t\t<\/div>\n\t\t\t\t<\/div>\n\t\t\t\t<\/div>\n\t\t<div class=\"elementor-element elementor-element-738cf32b e-con-full e-flex e-con e-child\" data-id=\"738cf32b\" data-element_type=\"container\" data-e-type=\"container\">\n\t\t<div class=\"elementor-element elementor-element-44d59f34 e-con-full e-flex elementor-invisible e-con e-child\" data-id=\"44d59f34\" data-element_type=\"container\" data-e-type=\"container\" data-settings=\"{&quot;background_background&quot;:&quot;classic&quot;,&quot;animation&quot;:&quot;fadeInUp&quot;}\">\n\t\t<div class=\"elementor-element elementor-element-5ab0fa5b e-con-full e-flex e-con e-child\" data-id=\"5ab0fa5b\" data-element_type=\"container\" data-e-type=\"container\" data-settings=\"{&quot;background_background&quot;:&quot;classic&quot;}\">\n\t\t\t\t<div class=\"elementor-element elementor-element-1be30ff5 elementor-widget elementor-widget-tp-plus-form\" data-id=\"1be30ff5\" data-element_type=\"widget\" data-e-type=\"widget\" data-widget_type=\"tp-plus-form.default\">\n\t\t\t\t<div class=\"elementor-widget-container\">\n\t\t\t\t\t<div class=\"tpae-form-container\" data-formdata=\"{&quot;form_id&quot;:&quot;ContactAGV&quot;,&quot;Required_mask&quot;:&quot;show-asterisks&quot;,&quot;invalid_form&quot;:&quot;Ocorreu um erro, tente novamente.&quot;,&quot;required_fields&quot;:&quot;Campo rquerido&quot;,&quot;form_error&quot;:&quot;Ocorreu um erro, tente novamente.&quot;,&quot;success_message&quot;:&quot;Enviado com sucesso&quot;,&quot;server_error&quot;:&quot;Ocorreu um erro de servidor, tente novamente.&quot;}\" data-emaildata=\"&quot;z81I04NxQ4a3C9KCGGgY6WlI0h1ANxsAUtuN90sqnw-_MLrvYHgqHLxBf7syCVbS84skICeZjPHcalKLXtiqIqQfciImivuuC2meTTbzjZW79MS7hfCR8pBWtuEJp47ZRmHwj5hd4ecPDNk0mOnGJXrLm9jUDuMOauXtuQdx5nUg5uvxfA99WgrE6t4EoONrNAIwqJeC9PZ4umNF4renI33zLlbNdf9rQA5-ApADA95V9eZLLpHnnCgrNCKtCCpip7Sl1-iCI_dHXYFrZ7xRYCPiuMyGkNhl3gjuHfcIQUXF4nHA644V1KV5nU-j5cbKcTnEdDaUJopSC89-lH9BxVfAVOZtliEAkCmAnt7Gj_fyyN9Oe_v4Ny4v07j46thj2BV992qqQ_bzf7c&quot;\" ><style> .elementor-element-1be30ff5 .tpae-form-submit-container .tpae-form-button{ width:100%!important } <\/style><form id=\"ContactAGV\" class=\"tpae-form\" method=\"post\"><div class=\"tpae-form-field\" data-width=\"\" data-tablet-width=\"\" data-mobile-width=\"\"> <label for=\"form_fields[first_name]\" class=\"tpae-form-label\">Nome <span class=\"tpae-required-asterisk\">*<\/span><\/label><input type=\"text\" name=\"first_name\" id=\"first_name\" placeholder=\"\" required class=\"medium\" value=\"\" aria-description=\"\"\/><span class=\"tpae-help-text\"><\/span><\/div><div class=\"tpae-form-field\" data-width=\"\" data-tablet-width=\"\" data-mobile-width=\"\"> <label for=\"form_fields[last_name]\" class=\"tpae-form-label\">Sobrenome <span class=\"tpae-required-asterisk\">*<\/span><\/label><input type=\"text\" name=\"last_name\" id=\"last_name\" placeholder=\"\" required class=\"medium\" value=\"\" aria-description=\"\"\/><span class=\"tpae-help-text\"><\/span><\/div><div class=\"tpae-form-field\" data-width=\"\" data-tablet-width=\"\" data-mobile-width=\"\"> <label for=\"form_fields[email]\" class=\"tpae-form-label\">Email <span class=\"tpae-required-asterisk\">*<\/span><\/label><input type=\"email\" name=\"email\" id=\"email\" placeholder=\"\" required class=\"medium\" value=\"\" aria-description=\"\"\/><span class=\"tpae-help-text\"><\/span><\/div><div class=\"tpae-form-field\" data-width=\"\" data-tablet-width=\"\" data-mobile-width=\"\"> <label for=\"form_fields[mobile_number]\" class=\"tpae-form-label\">Telefone<\/label><input type=\"number\" name=\"mobile_number\" id=\"mobile_number\" placeholder=\"\"  class=\"medium\" value=\"\" aria-description=\"\"\/><span class=\"tpae-help-text\"><\/span><\/div><div class=\"tpae-form-field\" data-width=\"\" data-tablet-width=\"\" data-mobile-width=\"\"> <label for=\"form_fields[subject]\" class=\"tpae-form-label\">Assunto<\/label><input type=\"text\" name=\"subject\" id=\"subject\" placeholder=\"\"  class=\"medium\" value=\"\" aria-description=\"\"\/><span class=\"tpae-help-text\"><\/span><\/div><div class=\"tpae-form-field\" data-width=\"\" data-tablet-width=\"\" data-mobile-width=\"\"> <label for=\"form_fields[message]\" class=\"tpae-form-label\">Mensagem<\/label><textarea name=\"message\" rows=\"4\" id=\"message\" placeholder=\"\"  class=\"medium\"aria-description=\"\"><\/textarea><\/div><div class=\"tpae-form-submit-container\"><button id=\"tpae-form-button\" type=\"submit\" class=\"tpae-form-submit tpae-form-button tpae-icon-after\"><span class=\"tpae-button-text\">ENVIAR  <\/span><span class=\"tpae-button-loader\" style=\"display:none;\"><span class=\"tpae-spinner\"><\/span><\/span><\/button><\/div><\/form><\/div>\t\t\t\t<\/div>\n\t\t\t\t<\/div>\n\t\t\t\t<\/div>\n\t\t\t\t<\/div>\n\t\t\t\t<\/div>\n\t\t\t\t\t<\/div>\n\t\t\t\t<\/div>\n\t\t\t\t<\/div>\n\t\t","protected":false},"excerpt":{"rendered":"<p>Tire todas a suas d\u00favidas antes de efetuar a sua reserva.<\/p>","protected":false},"author":1,"featured_media":1377,"parent":0,"menu_order":12,"comment_status":"closed","ping_status":"closed","template":"","meta":{"_acf_changed":false,"footnotes":""},"class_list":["post-1789","page","type-page","status-publish","has-post-thumbnail","hentry"],"acf":[],"_links":{"self":[{"href":"https:\/\/azoresgreenvillas.com\/fr\/wp-json\/wp\/v2\/pages\/1789","targetHints":{"allow":["GET"]}}],"collection":[{"href":"https:\/\/azoresgreenvillas.com\/fr\/wp-json\/wp\/v2\/pages"}],"about":[{"href":"https:\/\/azoresgreenvillas.com\/fr\/wp-json\/wp\/v2\/types\/page"}],"author":[{"embeddable":true,"href":"https:\/\/azoresgreenvillas.com\/fr\/wp-json\/wp\/v2\/users\/1"}],"replies":[{"embeddable":true,"href":"https:\/\/azoresgreenvillas.com\/fr\/wp-json\/wp\/v2\/comments?post=1789"}],"version-history":[{"count":0,"href":"https:\/\/azoresgreenvillas.com\/fr\/wp-json\/wp\/v2\/pages\/1789\/revisions"}],"wp:featuredmedia":[{"embeddable":true,"href":"https:\/\/azoresgreenvillas.com\/fr\/wp-json\/wp\/v2\/media\/1377"}],"wp:attachment":[{"href":"https:\/\/azoresgreenvillas.com\/fr\/wp-json\/wp\/v2\/media?parent=1789"}],"curies":[{"name":"wp","href":"https:\/\/api.w.org\/{rel}","templated":true}]}}